{"id":320,"date":"2019-01-02T23:28:43","date_gmt":"2019-01-02T22:28:43","guid":{"rendered":"http:\/\/wirkungsbilder.claudia-kramp.de\/?page_id=320"},"modified":"2022-06-16T14:03:16","modified_gmt":"2022-06-16T12:03:16","slug":"reiki-seminar","status":"publish","type":"page","link":"https:\/\/wirkungsbilder.de\/?page_id=320","title":{"rendered":"Seminare"},"content":{"rendered":"<h3>Seminare<\/h3>\n<hr \/>\n<p>&nbsp;<\/p>\n<h4><strong>Workshop<\/strong><\/h4>\n<p>Es werden regelm\u00e4\u00dfige Mal- Workshops stattfinden, je nach Wetter arbeiten wir im Atelier oder in der freien Natur.<br \/>\nAm Ende des Workshops nehmen Sie ein fertiges Bild mit nach Hause. Es sind keinerlei Vorkenntnisse erforderlich.<\/p>\n<p>Die Teilnehmerzahl ist auf eine kleine Gruppe begrenzt, daher bitte um fr\u00fchzeitige Anmeldung<\/p>\n<p><strong>Haben Sie Interesse an einem Workshop in Ihrer Stadt oder au\u00dferhalb meiner Planung? <\/strong><\/p>\n<p>Anfragen beantworte ich gerne.<\/p>\n<p>&nbsp;<\/p>\n<hr \/>\n<h4><\/h4>\n<h4>Die Kraft der Farben<br \/>\nErkenntnis und Transformation<\/h4>\n<p>Es geht nicht darum ein perfektes Bild zu gestalten oder eine bestimmte Technik zu erlernen, sondern um das zu spiegeln was in uns steckt. Wenn wir uns mit Farben und Bildern besch\u00e4ftigen hat man die M\u00f6glichkeit sich selbst klarer zu sehen.<br \/>\nWelches Potenzial steckt in Dir? Was braucht Deine Seele? Welcher Bereich darf jetzt gezeigt und bearbeitet werden \u2013 wo brauchst Du Unterst\u00fctzung um Dein Potenzial zum Ausdruck zu bringen?<\/p>\n<p>Wir k\u00f6nnen die Heilkraft der Farben einsetzen um unser Wohlbefinden, unser Gleichgewicht zu steigern und Ver\u00e4nderungen zu erzielen.<br \/>\nMit Pinsel, Papier und Leinw\u00e4nde tauchen wir ein in die Welt der Farben und bringen uns in Harmonie.<\/p>\n<p><em>&#8222;Ihr werdet die Wahrheit erkennen und die Wahrheit wird euch befreien.&#8220;<\/em><br \/>\n<em>Johannes 8.32<\/em><\/p>\n<p>&nbsp;<\/p>\n<hr \/>\n<h4><\/h4>\n<h4>Die Kraft der Farben<br \/>\nKreativit\u00e4t und Entspannung<\/h4>\n<p>Farben haben auf unser Unbewusstes und das seelische Gleichgewicht einen enormen Einfluss. Bereits in der Antike wurden Farben gezielt eingesetzt, um die innere Harmonie und das Wohlbefinden wieder herzustellen. Wenn wir die Sprache der Farben besser verstehen, so k\u00f6nnen wir sie f\u00fcr unsere Entwicklungen einsetzen.<br \/>\nSicher hat jeder Mensch schon einmal die Kraft der Farben gesp\u00fcrt. Das facettenreiche Gr\u00fcn des Fr\u00fchjahrs, das uns Energie beschert. Oder das Rotgold des Herbstes, das uns wohlige Geborgenheit verschafft.<\/p>\n<p>M\u00f6chten Sie eine neue Art der Entspannung erleben? Es geht nicht darum, ein perfektes Bild zu gestalten, sondern loszulassen und gleichzeitig neue Kraft zu tanken.<br \/>\nEs sind keinerlei Vorkenntnisse erforderlich.<\/p>\n<p>Mit Entspannungs\u00fcbungen, Wissenswertes rund um den bewussten Einsatz von Farben, Pastellkreiden und Papier tauchen wir ein in die Welt der Farben. Das Selbstbewusstsein wird gest\u00e4rkt, wir finden Abstand zum Alltag und zur\u00fcck zu innerer Balance.<\/p>\n<p>Jeder Teilnehmer\/in erh\u00e4lt ein Manuskript \u00fcber die Wirkung der Farben.<\/p>\n<p>&nbsp;<\/p>\n<hr \/>\n<h4>Encaustic<\/h4>\n<h4><img loading=\"lazy\" decoding=\"async\" class=\"wp-image-1069 alignleft\" src=\"http:\/\/wirkungsbilder.de\/wp-content\/uploads\/encausticSeminar-200x124.jpg\" alt=\"\" width=\"265\" height=\"164\" srcset=\"https:\/\/wirkungsbilder.de\/wp-content\/uploads\/encausticSeminar-200x124.jpg 200w, https:\/\/wirkungsbilder.de\/wp-content\/uploads\/encausticSeminar-1024x636.jpg 1024w, https:\/\/wirkungsbilder.de\/wp-content\/uploads\/encausticSeminar-150x93.jpg 150w, https:\/\/wirkungsbilder.de\/wp-content\/uploads\/encausticSeminar-768x477.jpg 768w, https:\/\/wirkungsbilder.de\/wp-content\/uploads\/encausticSeminar-1536x953.jpg 1536w, https:\/\/wirkungsbilder.de\/wp-content\/uploads\/encausticSeminar-2048x1271.jpg 2048w\" sizes=\"auto, (max-width: 265px) 100vw, 265px\" \/><\/h4>\n<p>&nbsp;<\/p>\n<p>Encaustic \u2013 ist eine 5000 Jahre alte \u00e4gyptische Wachsmalkunst. Der Wachs wird dabei auf ein b\u00fcgeleisen\u00e4hnliches Ger\u00e4t aufgetragen und dann aufs Papier verstrichen oder mit einem Haarf\u00f6n verteilt. Mit dieser Technik lassen sich sowohl gegenst\u00e4ndliche als auch abstrakte Bilder kreieren. Beim Auftragen der leuchtenden Farben entstehen fantastische Strukturen. Es sind keinerlei Malerfahrungen erforderlich und in diesem Kurs haben sie die M\u00f6glichkeit in Verbindung mit Entspannung ihre kreative Seite zu entdecken.<\/p>\n<p>&nbsp;<\/p>\n<hr \/>\n<h4>Teilnehmerstimmen<\/h4>\n<p>Liebe Claudia,<br \/>\nich bin immer wieder aufs Neue beeindruckt, welche tiefgreifenden inneren Prozesse beim Malen durch Dich angesto\u00dfen werden.<br \/>\nInnere Blockaden werden sichtbar gemacht, angesehen, ggf. \u00fcbermalt und somit in die Heilung gebracht. Eine spannender, sowie aufl\u00f6sender Prozess. Durch Deine liebevolle Art und Weise f\u00fchle ich mich stets gut aufgehoben und immer gut so, wie ich gerade bin.<br \/>\nEs entsteht ein kleiner Kurzurlaub, der sehr, sehr f\u00f6rderlich f\u00fcr Geist und K\u00f6rper ist.<br \/>\nEinen Herzensdank f\u00fcr dies alles von Karin aus M\u00fclheim an der Ruhr<\/p>\n<p>&#8211; &#8211; &#8211;<\/p>\n<p>Liebe Claudia,<br \/>\nf\u00fcr mich war das Mal-Wochenende mit dir eine gro\u00dfe Bereicherung und zutiefst spirituell. Obwohl ich glaubte nicht Malen zu k\u00f6nnen und noch nie etwas kreatives auf die Leinwand gebracht habe, ist es mir gelungen in dem Seminar einen Teil von mir zum Ausdruck zu bringen.<br \/>\nMit deiner \u2013 f\u00fcr dich einzigartigen Ruhe, Geduld und positiver Freude &#8211; erkl\u00e4rtest du, die Maltechnik, Wirkung und Umsetzungen auf der Leinwand.<br \/>\nGemeinsam haben wir die Bilder betrachtet, Ideen und Inspirationen gesammelt, die Bilder auf uns wirken lassen.<br \/>\nSehr gl\u00fccklich und zufrieden bin ich mit meinem selbstgemalten Bild nach Hause gegangen.<\/p>\n<p>An diesem Seminar w\u00fcrde ich immer wieder mit Freude teilnehmen.<\/p>\n<p>Herzliche Gr\u00fc\u00dfe K&#8230;<\/p>\n<p>&#8211; &#8211; &#8211;<\/p>\n<p>Liebe Claudia,<\/p>\n<p>obschon ich der Meinung war das ich nicht malen kann, wurde ich eines besseren belehrt.<\/p>\n<p>Durch deine liebevolle Unterst\u00fctzung, sowohl bei der bildlichen Gestaltung als auch bei der Verarbeitung von inneren Prozessen, wurde jedes Bild zu einem kleinen Kunstwerk.<\/p>\n<p>Es ist faszinierend wie sich im Laufe des Seminars, das inneren Bild durch das auf Leinwand gemalte Bild zeigt und Ver\u00e4nderung stattfindet.<\/p>\n<p>Ich bin sehr Dankbar f\u00fcr deine gute Arbeit bei dem Seminar und betrachte die fertigen Bilder mit Freude und Stolz<\/p>\n<p>Ich freue mich auf weitere Seminare die du mit Liebe gestaltest.<\/p>\n<p>Liebe Gr\u00fc\u00dfe<\/p>\n<p>M\u2026<\/p>\n<p>&#8211; &#8211; &#8211;<\/p>\n<p>Liebe Claudia,<\/p>\n<p>deine Werke haben mich schon immer sehr fasziniert und sie sind ein absolutes Beispiel spiritueller Kunst. Mit deinen Werken und Gottes Wirken durch dich wurde in mir viel ausgel\u00f6st und ist in die Heilung gegangen. Du hast mir \u00fcber eine nicht f\u00fcr mich einfache Zeit hinweg geholfen und daf\u00fcr bin ich dir aus dem tiefsten Herzen sehr dankbar.<\/p>\n<p>Liebe Herzensgr\u00fc\u00dfe<\/p>\n","protected":false},"excerpt":{"rendered":"<p>Seminare &nbsp; Workshop Es werden regelm\u00e4\u00dfige Mal- Workshops stattfinden, je nach Wetter arbeiten wir im Atelier oder in der freien Natur. Am Ende des Workshops nehmen Sie ein fertiges Bild mit nach Hause. Es sind keinerlei Vorkenntnisse erforderlich. Die Teilnehmerzahl ist auf eine kleine Gruppe begrenzt, daher bitte um fr\u00fchzeitige Anmeldung Haben Sie Interesse anContinue reading &rarr;<\/p>\n","protected":false},"author":1,"featured_media":0,"parent":0,"menu_order":0,"comment_status":"closed","ping_status":"closed","template":"","meta":{"footnotes":""},"class_list":["post-320","page","type-page","status-publish","hentry","no-thumb"],"_links":{"self":[{"href":"https:\/\/wirkungsbilder.de\/index.php?rest_route=\/wp\/v2\/pages\/320","targetHints":{"allow":["GET"]}}],"collection":[{"href":"https:\/\/wirkungsbilder.de\/index.php?rest_route=\/wp\/v2\/pages"}],"about":[{"href":"https:\/\/wirkungsbilder.de\/index.php?rest_route=\/wp\/v2\/types\/page"}],"author":[{"embeddable":true,"href":"https:\/\/wirkungsbilder.de\/index.php?rest_route=\/wp\/v2\/users\/1"}],"replies":[{"embeddable":true,"href":"https:\/\/wirkungsbilder.de\/index.php?rest_route=%2Fwp%2Fv2%2Fcomments&post=320"}],"version-history":[{"count":29,"href":"https:\/\/wirkungsbilder.de\/index.php?rest_route=\/wp\/v2\/pages\/320\/revisions"}],"predecessor-version":[{"id":1114,"href":"https:\/\/wirkungsbilder.de\/index.php?rest_route=\/wp\/v2\/pages\/320\/revisions\/1114"}],"wp:attachment":[{"href":"https:\/\/wirkungsbilder.de\/index.php?rest_route=%2Fwp%2Fv2%2Fmedia&parent=320"}],"curies":[{"name":"wp","href":"https:\/\/api.w.org\/{rel}","templated":true}]}}