{"id":34,"date":"2018-10-21T20:30:06","date_gmt":"2018-10-21T20:30:06","guid":{"rendered":"http:\/\/claudia-kramp.de\/?page_id=34"},"modified":"2022-06-12T19:37:21","modified_gmt":"2022-06-12T17:37:21","slug":"therapie-beratung","status":"publish","type":"page","link":"https:\/\/wirkungsbilder.de\/?page_id=34","title":{"rendered":"Wirkungsbilder"},"content":{"rendered":"<h4>Wirkungsbilder<\/h4>\n<p><img loading=\"lazy\" decoding=\"async\" class=\"alignleft wp-image-959\" src=\"http:\/\/wirkungsbilder.claudia-kramp.de\/wp-content\/uploads\/MG_3285-2-145x196.jpg\" alt=\"\" width=\"215\" height=\"291\" srcset=\"https:\/\/wirkungsbilder.de\/wp-content\/uploads\/MG_3285-2-145x196.jpg 145w, https:\/\/wirkungsbilder.de\/wp-content\/uploads\/MG_3285-2-148x200.jpg 148w, https:\/\/wirkungsbilder.de\/wp-content\/uploads\/MG_3285-2.jpg 500w\" sizes=\"auto, (max-width: 215px) 100vw, 215px\" \/><\/p>\n<p>&nbsp;<\/p>\n<p>Wirkungsbilder sind transformierende Gegenst\u00e4nde, die einen energetischen Ausgleich in der Aura und im<br \/>\nBewusstsein der Beobachter ausrichten. Sie sind lebendige Bewusstseins-Transformatoren und spiegeln den<br \/>\naktuellen Zustand und \u00f6ffnen die T\u00fcr zum eigenen Befinden.<\/p>\n<p>\u201eWenn Worte fehlen \u2013 sprechen Bilder\u201c<br \/>\n(Charlotte Schottenloher)<\/p>\n<p>&nbsp;<\/p>\n<p>&nbsp;<\/p>\n<p>&nbsp;<\/p>\n<p>&nbsp;<\/p>\n<p>Nicht jedes Bild ist f\u00fcr jeden gleich wirksam. Es ist in dieser Hinsicht wie die Hom\u00f6opathie, das Bild geht in Resonanz mit dem Betrachter und unterst\u00fctzt den seelischen Wachstumsprozess, wirkt harmonisierend und kraftgebend.<br \/>\nDie Arbeit mit \u201eWirkungsbildern\u201c kann f\u00fcr alle Themenbereiche eingesetzt werden. Es geht um \u201eErkenntnis und Transformation.\u201c L\u00f6sungswege lassen sich durch die Bilder erkennen, unbewusste, verdr\u00e4ngte oder abgespaltene Qualit\u00e4ten k\u00f6nnen wieder integriert werden.<\/p>\n<p><strong>Einzelsitzungen<\/strong>:<\/p>\n<p>In Einzelsitzungen wird mit den original Wirkungsbildern an pers\u00f6nlichen Themen gearbeitet.<br \/>\nDauer ca. 90 Minuten\/120 Minuten Termine nach Vereinbarung.<\/p>\n<p>Von fast allen originalen <strong>Wirkungsbildern<\/strong> besteht die M\u00f6glichkeit Drucke (Leinwanddrucke, Poster, Karten, Decken und Kissen) als Sonderanfertigung, f\u00fcr den Alltag, zur Vertiefung nach Einzelsitzungen oder Eigenarbeit, in limitierter Auflage zu bestellen.<\/p>\n<p>Es finden regelm\u00e4\u00dfige <strong>Ausstellungen<\/strong> statt. Eine Dauerausstellung befindet sich in meinem Atelier, hier k\u00f6nnen Sie die Bilder direkt auf sich wirken lassen.<br \/>\nTermine nach Vereinbarung.<\/p>\n<p>&nbsp;<\/p>\n","protected":false},"excerpt":{"rendered":"<p>Wirkungsbilder &nbsp; Wirkungsbilder sind transformierende Gegenst\u00e4nde, die einen energetischen Ausgleich in der Aura und im Bewusstsein der Beobachter ausrichten. Sie sind lebendige Bewusstseins-Transformatoren und spiegeln den aktuellen Zustand und \u00f6ffnen die T\u00fcr zum eigenen Befinden. \u201eWenn Worte fehlen \u2013 sprechen Bilder\u201c (Charlotte Schottenloher) &nbsp; &nbsp; &nbsp; &nbsp; Nicht jedes Bild ist f\u00fcr jeden gleich wirksam.Continue reading &rarr;<\/p>\n","protected":false},"author":1,"featured_media":0,"parent":0,"menu_order":0,"comment_status":"closed","ping_status":"closed","template":"","meta":{"footnotes":""},"class_list":["post-34","page","type-page","status-publish","hentry","no-thumb"],"_links":{"self":[{"href":"https:\/\/wirkungsbilder.de\/index.php?rest_route=\/wp\/v2\/pages\/34","targetHints":{"allow":["GET"]}}],"collection":[{"href":"https:\/\/wirkungsbilder.de\/index.php?rest_route=\/wp\/v2\/pages"}],"about":[{"href":"https:\/\/wirkungsbilder.de\/index.php?rest_route=\/wp\/v2\/types\/page"}],"author":[{"embeddable":true,"href":"https:\/\/wirkungsbilder.de\/index.php?rest_route=\/wp\/v2\/users\/1"}],"replies":[{"embeddable":true,"href":"https:\/\/wirkungsbilder.de\/index.php?rest_route=%2Fwp%2Fv2%2Fcomments&post=34"}],"version-history":[{"count":14,"href":"https:\/\/wirkungsbilder.de\/index.php?rest_route=\/wp\/v2\/pages\/34\/revisions"}],"predecessor-version":[{"id":1027,"href":"https:\/\/wirkungsbilder.de\/index.php?rest_route=\/wp\/v2\/pages\/34\/revisions\/1027"}],"wp:attachment":[{"href":"https:\/\/wirkungsbilder.de\/index.php?rest_route=%2Fwp%2Fv2%2Fmedia&parent=34"}],"curies":[{"name":"wp","href":"https:\/\/api.w.org\/{rel}","templated":true}]}}