{"id":36,"date":"2018-10-21T20:30:06","date_gmt":"2018-10-21T20:30:06","guid":{"rendered":"http:\/\/claudia-kramp.de\/?page_id=36"},"modified":"2022-06-17T23:50:25","modified_gmt":"2022-06-17T21:50:25","slug":"kurse","status":"publish","type":"page","link":"https:\/\/wirkungsbilder.de\/?page_id=36","title":{"rendered":"Reisen"},"content":{"rendered":"<p><img loading=\"lazy\" decoding=\"async\" class=\"size-large wp-image-612 aligncenter\" src=\"http:\/\/wirkungsbilder.claudia-kramp.de\/wp-content\/uploads\/20190905_200555-2-1024x320.jpg\" alt=\"\" width=\"1024\" height=\"320\" srcset=\"https:\/\/wirkungsbilder.de\/wp-content\/uploads\/20190905_200555-2-1024x320.jpg 1024w, https:\/\/wirkungsbilder.de\/wp-content\/uploads\/20190905_200555-2-200x63.jpg 200w, https:\/\/wirkungsbilder.de\/wp-content\/uploads\/20190905_200555-2-150x47.jpg 150w, https:\/\/wirkungsbilder.de\/wp-content\/uploads\/20190905_200555-2-768x240.jpg 768w, https:\/\/wirkungsbilder.de\/wp-content\/uploads\/20190905_200555-2-1536x481.jpg 1536w, https:\/\/wirkungsbilder.de\/wp-content\/uploads\/20190905_200555-2.jpg 1892w\" sizes=\"auto, (max-width: 1024px) 100vw, 1024px\" \/><\/p>\n<h3>Reise \u2013 Bodensee<\/h3>\n<h4>Bilder die die Seele uns schenkt \u2013 die Kraft der Farben<\/h4>\n<h4>4. September \u2013 8. September 2022<\/h4>\n<p>Farben haben auf unser Unbewusstes und das seelische Gleichgewicht einen enormen Einfluss. Bereits in der Antike wurden Farben gezielt eingesetzt, um die innere Harmonie und das Wohlbefinden wieder herzustellen. Wenn wir die Sprache der Farben besser verstehen, so k\u00f6nnen wir sie f\u00fcr unsere Entwicklungen einsetzen. Sicher hat jeder Mensch schon einmal die Kraft der Farben gesp\u00fcrt. Das facettenreiche Gr\u00fcn des Fr\u00fchjahrs, das uns Energie beschert. Oder das Rotgold des Herbstes, das uns wohlige Geborgenheit verschafft. Diese Tage stehen ganz im Zeichen des Malens Ihres pers\u00f6nlichen Seelenbildes. Durch \u00dcbungen und Meditationen, begegnen wir unserer Seelenenergie. Wir lassen los, sehen mit dem Herzen, unseren inneren Augen \u2013 Das Seelenbild unterst\u00fctzt die Erinnerung an unser Potential \u2013 an unsere Essenz \u2013 wir machen sichtbar was in uns steckt. Keinerlei Vorkenntnisse sind erforderlich. Es geht nicht darum ein perfektes Bild zu gestalten, sondern sich zu entspannen, loszulassen und gleichzeitig neue Kraft zu tanken.<\/p>\n<p>Seminargeb\u00fchr: 450,-\u20ac (ohne \u00dcbernachtung)<\/p>\n<p>Neben dem gemeinsames Malen, wird es Zeit geben; f\u00fcr pers\u00f6nliche Anliegen, der Besuch von Kraftorten am Bodensee, sowie gen\u00fcgend Raum und Ruhe f\u00fcr das eigene Erleben.<\/p>\n<p><strong>Bei Interesse erhalten Sie eine Detailbeschreibung.<\/strong><\/p>\n<p>\u00dcbernachtung im Haus Sonnenstein, in dem auch das Seminar stattfindet: <a href=\"http:\/\/www.haus-sonnstein.de\" target=\"_blank\" rel=\"noopener noreferrer\">www.haus-sonnstein.de<\/a><\/p>\n<p>Die Zimmerpreise beinhalten ein fantastisches Vollwert-Fr\u00fchst\u00fcck:<br \/>\nDie Schutzvorrichtung BIOSCHWING ist kostenlos inkl.<\/p>\n<p>Die Preise f\u00fcr die \u00dcbernachtung im Haus Sonnenstein entnehmen Sie bitte der Webseite.<\/p>\n<h4>Die Reise findet max. mit 7 Teilnehmern statt.<\/h4>\n<p>&nbsp;<\/p>\n<p><img loading=\"lazy\" decoding=\"async\" class=\"alignnone size-full wp-image-735\" src=\"http:\/\/wirkungsbilder.claudia-kramp.de\/wp-content\/uploads\/Seminar-Bodensee-scaled.jpg\" alt=\"\" width=\"2560\" height=\"1167\" srcset=\"https:\/\/wirkungsbilder.de\/wp-content\/uploads\/Seminar-Bodensee-scaled.jpg 2560w, https:\/\/wirkungsbilder.de\/wp-content\/uploads\/Seminar-Bodensee-200x91.jpg 200w, https:\/\/wirkungsbilder.de\/wp-content\/uploads\/Seminar-Bodensee-1024x467.jpg 1024w, https:\/\/wirkungsbilder.de\/wp-content\/uploads\/Seminar-Bodensee-150x68.jpg 150w, https:\/\/wirkungsbilder.de\/wp-content\/uploads\/Seminar-Bodensee-768x350.jpg 768w, https:\/\/wirkungsbilder.de\/wp-content\/uploads\/Seminar-Bodensee-1536x700.jpg 1536w, https:\/\/wirkungsbilder.de\/wp-content\/uploads\/Seminar-Bodensee-2048x933.jpg 2048w\" sizes=\"auto, (max-width: 2560px) 100vw, 2560px\" \/><\/p>\n<p><span style=\"font-size: small;\">Werke der Teilnehmer des Seminar aus dem Jahr 2020<\/span><\/p>\n<p>&nbsp;<\/p>\n<p>&nbsp;<\/p>\n","protected":false},"excerpt":{"rendered":"<p>Reise \u2013 Bodensee Bilder die die Seele uns schenkt \u2013 die Kraft der Farben 4. September \u2013 8. September 2022 Farben haben auf unser Unbewusstes und das seelische Gleichgewicht einen enormen Einfluss. Bereits in der Antike wurden Farben gezielt eingesetzt, um die innere Harmonie und das Wohlbefinden wieder herzustellen. Wenn wir die Sprache der FarbenContinue reading &rarr;<\/p>\n","protected":false},"author":1,"featured_media":0,"parent":0,"menu_order":0,"comment_status":"closed","ping_status":"closed","template":"","meta":{"footnotes":""},"class_list":["post-36","page","type-page","status-publish","hentry","no-thumb"],"_links":{"self":[{"href":"https:\/\/wirkungsbilder.de\/index.php?rest_route=\/wp\/v2\/pages\/36","targetHints":{"allow":["GET"]}}],"collection":[{"href":"https:\/\/wirkungsbilder.de\/index.php?rest_route=\/wp\/v2\/pages"}],"about":[{"href":"https:\/\/wirkungsbilder.de\/index.php?rest_route=\/wp\/v2\/types\/page"}],"author":[{"embeddable":true,"href":"https:\/\/wirkungsbilder.de\/index.php?rest_route=\/wp\/v2\/users\/1"}],"replies":[{"embeddable":true,"href":"https:\/\/wirkungsbilder.de\/index.php?rest_route=%2Fwp%2Fv2%2Fcomments&post=36"}],"version-history":[{"count":26,"href":"https:\/\/wirkungsbilder.de\/index.php?rest_route=\/wp\/v2\/pages\/36\/revisions"}],"predecessor-version":[{"id":1116,"href":"https:\/\/wirkungsbilder.de\/index.php?rest_route=\/wp\/v2\/pages\/36\/revisions\/1116"}],"wp:attachment":[{"href":"https:\/\/wirkungsbilder.de\/index.php?rest_route=%2Fwp%2Fv2%2Fmedia&parent=36"}],"curies":[{"name":"wp","href":"https:\/\/api.w.org\/{rel}","templated":true}]}}