{"id":468,"date":"2019-08-05T21:11:00","date_gmt":"2019-08-05T19:11:00","guid":{"rendered":"http:\/\/wirkungsbilder.claudia-kramp.de\/?page_id=468"},"modified":"2022-06-16T13:36:35","modified_gmt":"2022-06-16T11:36:35","slug":"engel","status":"publish","type":"page","link":"https:\/\/wirkungsbilder.de\/?page_id=468","title":{"rendered":"Lichtwelten"},"content":{"rendered":"<h4>Lichtwelten<\/h4>\n<p>Die hier vorgestellten Wirkungsbildern \u201eLichtwelten\u201c strahlen Ruhe, Harmonie und Frieden aus. Sie erinnern uns und bringen uns in den Kontakt mit unseren himmlischen Helfern. Jedes Bild hat eine besondere Schwingung, die sich auf die Umgebung und den Betrachter \u00fcbertr\u00e4gt. Sie erh\u00f6hen die Frequenz und haben einen positiven Einfluss auf das Wohlbefinden, verbinden uns mit der Liebe und der g\u00f6ttlichen Kraft.<\/p>\n<p>Alle Bilder sind sowohl als Original oder Drucke (Leinwanddrucke, Poster, Karten, Decken und Kissen) als Sonderanfertigung in limitierter Auflage zu bestellen.<\/p>\n<p>Besuchen Sie mein Atelier, hier k\u00f6nnen Sie die Bilder direkt auf sich wirken lassen.<br \/>\nTermine nach Vereinbarung.<\/p>\n<p>&nbsp;<\/p>\n<style type=\"text\/css\">\n#foogallery-gallery-722.fg-simple_portfolio { justify-content: center; --fg-gutter: 20px; }\n#foogallery-gallery-722.fg-simple_portfolio .fg-item { flex-basis: 300px; }<\/style>\n\t\t\t<div class=\"foogallery foogallery-container foogallery-simple_portfolio foogallery-lightbox-foobox fg-simple_portfolio fg-ready fg-transparent fg-border-thin fg-shadow-outline fg-loading-default fg-loaded-fade-in fg-caption-always fg-hover-fade fg-hover-zoom fg-transparent-overlays fg-caption-always\" id=\"foogallery-gallery-722\" data-foogallery=\"{&quot;item&quot;:{&quot;showCaptionTitle&quot;:true,&quot;showCaptionDescription&quot;:true},&quot;lazy&quot;:true}\" style=\"--fg-title-line-clamp: 0; --fg-description-line-clamp: 0;\" >\n\t<div class=\"fg-item fg-type-image fg-idle\"><figure class=\"fg-item-inner\"><a href=\"https:\/\/wirkungsbilder.de\/wp-content\/uploads\/DSCN0396-4.jpg\" data-caption-title=\"Alte und neue Inkarnation\" data-attachment-id=\"653\" class=\"foogallery-thumb fg-thumb\" data-type=\"image\"><span class=\"fg-image-wrap\"><img fetchpriority=\"high\" decoding=\"async\" title=\"Alte und neue Inkarnation\" class=\"bf-img skip-lazy fg-image\" height=\"400\" width=\"300\" data-src-fg=\"https:\/\/wirkungsbilder.de\/wp-content\/uploads\/cache\/DSCN0396-4\/291203627.jpg\" src=\"data:image\/svg+xml,%3Csvg%20xmlns%3D%22http%3A%2F%2Fwww.w3.org%2F2000%2Fsvg%22%20width%3D%22300%22%20height%3D%22400%22%20viewBox%3D%220%200%20300%20400%22%3E%3C%2Fsvg%3E\" loading=\"eager\"><\/span><span class=\"fg-image-overlay\"><\/span><\/a><figcaption class=\"fg-caption\"><div class=\"fg-caption-inner\"><div class=\"fg-caption-title\">Alte und neue Inkarnation<\/div><\/div><\/figcaption><\/figure><div class=\"fg-loader\"><\/div><\/div><div class=\"fg-item fg-type-image fg-idle\"><figure class=\"fg-item-inner\"><a href=\"https:\/\/wirkungsbilder.de\/wp-content\/uploads\/mutter-maria-5-2.jpg\" data-caption-title=\"Mutter Maria - erh\u00f6rtes Gebet\" data-attachment-id=\"658\" class=\"foogallery-thumb fg-thumb\" data-type=\"image\"><span class=\"fg-image-wrap\"><img decoding=\"async\" title=\"Mutter Maria - erh\u00f6rtes Gebet\" class=\"bf-img skip-lazy fg-image\" height=\"400\" width=\"300\" data-src-fg=\"https:\/\/wirkungsbilder.de\/wp-content\/uploads\/cache\/mutter-maria-5-2\/2267004665.jpg\" src=\"data:image\/svg+xml,%3Csvg%20xmlns%3D%22http%3A%2F%2Fwww.w3.org%2F2000%2Fsvg%22%20width%3D%22300%22%20height%3D%22400%22%20viewBox%3D%220%200%20300%20400%22%3E%3C%2Fsvg%3E\" loading=\"eager\"><\/span><span class=\"fg-image-overlay\"><\/span><\/a><figcaption class=\"fg-caption\"><div class=\"fg-caption-inner\"><div class=\"fg-caption-title\">Mutter Maria - erh\u00f6rtes Gebet<\/div><\/div><\/figcaption><\/figure><div class=\"fg-loader\"><\/div><\/div><div class=\"fg-item fg-type-image fg-idle\"><figure class=\"fg-item-inner\"><a href=\"https:\/\/wirkungsbilder.de\/wp-content\/uploads\/engel-der-freude-doppel.jpg\" data-caption-title=\"Engel der Freude\" data-attachment-id=\"657\" class=\"foogallery-thumb fg-thumb\" data-type=\"image\"><span class=\"fg-image-wrap\"><img decoding=\"async\" title=\"Engel der Freude\" class=\"bf-img skip-lazy fg-image\" height=\"400\" width=\"300\" data-src-fg=\"https:\/\/wirkungsbilder.de\/wp-content\/uploads\/cache\/engel-der-freude-doppel\/2899706671.jpg\" src=\"data:image\/svg+xml,%3Csvg%20xmlns%3D%22http%3A%2F%2Fwww.w3.org%2F2000%2Fsvg%22%20width%3D%22300%22%20height%3D%22400%22%20viewBox%3D%220%200%20300%20400%22%3E%3C%2Fsvg%3E\" loading=\"eager\"><\/span><span class=\"fg-image-overlay\"><\/span><\/a><figcaption class=\"fg-caption\"><div class=\"fg-caption-inner\"><div class=\"fg-caption-title\">Engel der Freude<\/div><\/div><\/figcaption><\/figure><div class=\"fg-loader\"><\/div><\/div><div class=\"fg-item fg-type-image fg-idle\"><figure class=\"fg-item-inner\"><a href=\"https:\/\/wirkungsbilder.de\/wp-content\/uploads\/P1480858.jpg\" data-caption-title=\"Geboren im Licht\" data-attachment-id=\"660\" class=\"foogallery-thumb fg-thumb\" data-type=\"image\"><span class=\"fg-image-wrap\"><img decoding=\"async\" title=\"Geboren im Licht\" class=\"bf-img skip-lazy fg-image\" height=\"400\" width=\"300\" data-src-fg=\"https:\/\/wirkungsbilder.de\/wp-content\/uploads\/cache\/P1480858\/3934863778.jpg\" src=\"data:image\/svg+xml,%3Csvg%20xmlns%3D%22http%3A%2F%2Fwww.w3.org%2F2000%2Fsvg%22%20width%3D%22300%22%20height%3D%22400%22%20viewBox%3D%220%200%20300%20400%22%3E%3C%2Fsvg%3E\" loading=\"eager\"><\/span><span class=\"fg-image-overlay\"><\/span><\/a><figcaption class=\"fg-caption\"><div class=\"fg-caption-inner\"><div class=\"fg-caption-title\">Geboren im Licht<\/div><\/div><\/figcaption><\/figure><div class=\"fg-loader\"><\/div><\/div><div class=\"fg-item fg-type-image fg-idle\"><figure class=\"fg-item-inner\"><a href=\"https:\/\/wirkungsbilder.de\/wp-content\/uploads\/005-2.jpg\" data-caption-title=\"Himmelsstufen\" data-attachment-id=\"646\" class=\"foogallery-thumb fg-thumb\" data-type=\"image\"><span class=\"fg-image-wrap\"><img decoding=\"async\" title=\"Himmelsstufen\" class=\"bf-img skip-lazy fg-image\" height=\"400\" width=\"300\" data-src-fg=\"https:\/\/wirkungsbilder.de\/wp-content\/uploads\/cache\/005-2\/2792448636.jpg\" src=\"data:image\/svg+xml,%3Csvg%20xmlns%3D%22http%3A%2F%2Fwww.w3.org%2F2000%2Fsvg%22%20width%3D%22300%22%20height%3D%22400%22%20viewBox%3D%220%200%20300%20400%22%3E%3C%2Fsvg%3E\" loading=\"eager\"><\/span><span class=\"fg-image-overlay\"><\/span><\/a><figcaption class=\"fg-caption\"><div class=\"fg-caption-inner\"><div class=\"fg-caption-title\">Himmelsstufen<\/div><\/div><\/figcaption><\/figure><div class=\"fg-loader\"><\/div><\/div><div class=\"fg-item fg-type-image fg-idle\"><figure class=\"fg-item-inner\"><a href=\"https:\/\/wirkungsbilder.de\/wp-content\/uploads\/P1480857.jpg\" data-caption-title=\"H\u00fcter der Meere\" data-attachment-id=\"659\" class=\"foogallery-thumb fg-thumb\" data-type=\"image\"><span class=\"fg-image-wrap\"><img decoding=\"async\" title=\"H\u00fcter der Meere\" class=\"bf-img skip-lazy fg-image\" height=\"400\" width=\"300\" data-src-fg=\"https:\/\/wirkungsbilder.de\/wp-content\/uploads\/cache\/P1480857\/4087697374.jpg\" src=\"data:image\/svg+xml,%3Csvg%20xmlns%3D%22http%3A%2F%2Fwww.w3.org%2F2000%2Fsvg%22%20width%3D%22300%22%20height%3D%22400%22%20viewBox%3D%220%200%20300%20400%22%3E%3C%2Fsvg%3E\" loading=\"eager\"><\/span><span class=\"fg-image-overlay\"><\/span><\/a><figcaption class=\"fg-caption\"><div class=\"fg-caption-inner\"><div class=\"fg-caption-title\">H\u00fcter der Meere<\/div><\/div><\/figcaption><\/figure><div class=\"fg-loader\"><\/div><\/div><div class=\"fg-item fg-type-image fg-idle\"><figure class=\"fg-item-inner\"><a href=\"https:\/\/wirkungsbilder.de\/wp-content\/uploads\/DSCN0199.jpg\" data-caption-title=\"Einheit\" data-attachment-id=\"650\" class=\"foogallery-thumb fg-thumb\" data-type=\"image\"><span class=\"fg-image-wrap\"><img decoding=\"async\" title=\"Einheit\" class=\"bf-img skip-lazy fg-image\" height=\"400\" width=\"300\" data-src-fg=\"https:\/\/wirkungsbilder.de\/wp-content\/uploads\/cache\/DSCN0199\/2520140614.jpg\" src=\"data:image\/svg+xml,%3Csvg%20xmlns%3D%22http%3A%2F%2Fwww.w3.org%2F2000%2Fsvg%22%20width%3D%22300%22%20height%3D%22400%22%20viewBox%3D%220%200%20300%20400%22%3E%3C%2Fsvg%3E\" loading=\"eager\"><\/span><span class=\"fg-image-overlay\"><\/span><\/a><figcaption class=\"fg-caption\"><div class=\"fg-caption-inner\"><div class=\"fg-caption-title\">Einheit<\/div><\/div><\/figcaption><\/figure><div class=\"fg-loader\"><\/div><\/div><div class=\"fg-item fg-type-image fg-idle\"><figure class=\"fg-item-inner\"><a href=\"https:\/\/wirkungsbilder.de\/wp-content\/uploads\/DSCN0201-2.jpg\" data-caption-title=\"Aufbruch\" data-attachment-id=\"651\" class=\"foogallery-thumb fg-thumb\" data-type=\"image\"><span class=\"fg-image-wrap\"><img decoding=\"async\" title=\"Aufbruch\" class=\"bf-img skip-lazy fg-image\" height=\"400\" width=\"300\" data-src-fg=\"https:\/\/wirkungsbilder.de\/wp-content\/uploads\/cache\/DSCN0201-2\/2346237208.jpg\" src=\"data:image\/svg+xml,%3Csvg%20xmlns%3D%22http%3A%2F%2Fwww.w3.org%2F2000%2Fsvg%22%20width%3D%22300%22%20height%3D%22400%22%20viewBox%3D%220%200%20300%20400%22%3E%3C%2Fsvg%3E\" loading=\"eager\"><\/span><span class=\"fg-image-overlay\"><\/span><\/a><figcaption class=\"fg-caption\"><div class=\"fg-caption-inner\"><div class=\"fg-caption-title\">Aufbruch<\/div><\/div><\/figcaption><\/figure><div class=\"fg-loader\"><\/div><\/div><div class=\"fg-item fg-type-image fg-idle\"><figure class=\"fg-item-inner\"><a href=\"https:\/\/wirkungsbilder.de\/wp-content\/uploads\/DSCN0239-3.jpg\" data-caption-title=\"Ohne Namen\" data-attachment-id=\"652\" class=\"foogallery-thumb fg-thumb\" data-type=\"image\"><span class=\"fg-image-wrap\"><img decoding=\"async\" title=\"Ohne Namen\" class=\"bf-img skip-lazy fg-image\" height=\"400\" width=\"300\" data-src-fg=\"https:\/\/wirkungsbilder.de\/wp-content\/uploads\/cache\/DSCN0239-3\/1363932391.jpg\" src=\"data:image\/svg+xml,%3Csvg%20xmlns%3D%22http%3A%2F%2Fwww.w3.org%2F2000%2Fsvg%22%20width%3D%22300%22%20height%3D%22400%22%20viewBox%3D%220%200%20300%20400%22%3E%3C%2Fsvg%3E\" loading=\"eager\"><\/span><span class=\"fg-image-overlay\"><\/span><\/a><figcaption class=\"fg-caption\"><div class=\"fg-caption-inner\"><div class=\"fg-caption-title\">Ohne Namen<\/div><\/div><\/figcaption><\/figure><div class=\"fg-loader\"><\/div><\/div><div class=\"fg-item fg-type-image fg-idle\"><figure class=\"fg-item-inner\"><a href=\"https:\/\/wirkungsbilder.de\/wp-content\/uploads\/Bild-Claudia-3.jpg\" data-caption-title=\"\u00dcbergang\" data-attachment-id=\"649\" class=\"foogallery-thumb fg-thumb\" data-type=\"image\"><span class=\"fg-image-wrap\"><img decoding=\"async\" title=\"\u00dcbergang\" class=\"bf-img skip-lazy fg-image\" height=\"400\" width=\"300\" data-src-fg=\"https:\/\/wirkungsbilder.de\/wp-content\/uploads\/cache\/Bild-Claudia-3\/527815127.jpg\" src=\"data:image\/svg+xml,%3Csvg%20xmlns%3D%22http%3A%2F%2Fwww.w3.org%2F2000%2Fsvg%22%20width%3D%22300%22%20height%3D%22400%22%20viewBox%3D%220%200%20300%20400%22%3E%3C%2Fsvg%3E\" loading=\"eager\"><\/span><span class=\"fg-image-overlay\"><\/span><\/a><figcaption class=\"fg-caption\"><div class=\"fg-caption-inner\"><div class=\"fg-caption-title\">\u00dcbergang<\/div><\/div><\/figcaption><\/figure><div class=\"fg-loader\"><\/div><\/div><div class=\"fg-item fg-type-image fg-idle\"><figure class=\"fg-item-inner\"><a href=\"https:\/\/wirkungsbilder.de\/wp-content\/uploads\/DSCN1685-3.jpg\" data-caption-title=\"Engel des Friedens (unvollendet)\" data-attachment-id=\"656\" class=\"foogallery-thumb fg-thumb\" data-type=\"image\"><span class=\"fg-image-wrap\"><img decoding=\"async\" title=\"Engel des Friedens (unvollendet)\" class=\"bf-img skip-lazy fg-image\" height=\"400\" width=\"300\" data-src-fg=\"https:\/\/wirkungsbilder.de\/wp-content\/uploads\/cache\/DSCN1685-3\/192356249.jpg\" src=\"data:image\/svg+xml,%3Csvg%20xmlns%3D%22http%3A%2F%2Fwww.w3.org%2F2000%2Fsvg%22%20width%3D%22300%22%20height%3D%22400%22%20viewBox%3D%220%200%20300%20400%22%3E%3C%2Fsvg%3E\" loading=\"eager\"><\/span><span class=\"fg-image-overlay\"><\/span><\/a><figcaption class=\"fg-caption\"><div class=\"fg-caption-inner\"><div class=\"fg-caption-title\">Engel des Friedens (unvollendet)<\/div><\/div><\/figcaption><\/figure><div class=\"fg-loader\"><\/div><\/div><div class=\"fg-item fg-type-image fg-idle\"><figure class=\"fg-item-inner\"><a href=\"https:\/\/wirkungsbilder.de\/wp-content\/uploads\/DSCN0570-neu.jpg\" data-caption-title=\"Weg ins Licht\" data-attachment-id=\"654\" class=\"foogallery-thumb fg-thumb\" data-type=\"image\"><span class=\"fg-image-wrap\"><img decoding=\"async\" title=\"Weg ins Licht\" class=\"bf-img skip-lazy fg-image\" height=\"400\" width=\"300\" data-src-fg=\"https:\/\/wirkungsbilder.de\/wp-content\/uploads\/cache\/DSCN0570-neu\/4202542732.jpg\" src=\"data:image\/svg+xml,%3Csvg%20xmlns%3D%22http%3A%2F%2Fwww.w3.org%2F2000%2Fsvg%22%20width%3D%22300%22%20height%3D%22400%22%20viewBox%3D%220%200%20300%20400%22%3E%3C%2Fsvg%3E\" loading=\"eager\"><\/span><span class=\"fg-image-overlay\"><\/span><\/a><figcaption class=\"fg-caption\"><div class=\"fg-caption-inner\"><div class=\"fg-caption-title\">Weg ins Licht<\/div><\/div><\/figcaption><\/figure><div class=\"fg-loader\"><\/div><\/div><div class=\"fg-item fg-type-image fg-idle\"><figure class=\"fg-item-inner\"><a href=\"https:\/\/wirkungsbilder.de\/wp-content\/uploads\/Bild-Claudia-2.jpg\" data-caption-title=\"Einheit\" data-attachment-id=\"648\" class=\"foogallery-thumb fg-thumb\" data-type=\"image\"><span class=\"fg-image-wrap\"><img decoding=\"async\" title=\"Einheit\" class=\"bf-img skip-lazy fg-image\" height=\"400\" width=\"300\" data-src-fg=\"https:\/\/wirkungsbilder.de\/wp-content\/uploads\/cache\/Bild-Claudia-2\/3485267762.jpg\" src=\"data:image\/svg+xml,%3Csvg%20xmlns%3D%22http%3A%2F%2Fwww.w3.org%2F2000%2Fsvg%22%20width%3D%22300%22%20height%3D%22400%22%20viewBox%3D%220%200%20300%20400%22%3E%3C%2Fsvg%3E\" loading=\"eager\"><\/span><span class=\"fg-image-overlay\"><\/span><\/a><figcaption class=\"fg-caption\"><div class=\"fg-caption-inner\"><div class=\"fg-caption-title\">Einheit<\/div><\/div><\/figcaption><\/figure><div class=\"fg-loader\"><\/div><\/div><div class=\"fg-item fg-type-image fg-idle\"><figure class=\"fg-item-inner\"><a href=\"https:\/\/wirkungsbilder.de\/wp-content\/uploads\/Bild-Claudia-1.jpg\" data-caption-title=\"Verbindung\" data-attachment-id=\"647\" class=\"foogallery-thumb fg-thumb\" data-type=\"image\"><span class=\"fg-image-wrap\"><img decoding=\"async\" title=\"Verbindung\" class=\"bf-img skip-lazy fg-image\" height=\"400\" width=\"300\" data-src-fg=\"https:\/\/wirkungsbilder.de\/wp-content\/uploads\/cache\/Bild-Claudia-1\/4144181352.jpg\" src=\"data:image\/svg+xml,%3Csvg%20xmlns%3D%22http%3A%2F%2Fwww.w3.org%2F2000%2Fsvg%22%20width%3D%22300%22%20height%3D%22400%22%20viewBox%3D%220%200%20300%20400%22%3E%3C%2Fsvg%3E\" loading=\"eager\"><\/span><span class=\"fg-image-overlay\"><\/span><\/a><figcaption class=\"fg-caption\"><div class=\"fg-caption-inner\"><div class=\"fg-caption-title\">Verbindung<\/div><\/div><\/figcaption><\/figure><div class=\"fg-loader\"><\/div><\/div><div class=\"fg-item fg-type-image fg-idle\"><figure class=\"fg-item-inner\"><a href=\"https:\/\/wirkungsbilder.de\/wp-content\/uploads\/BRP9101-2.jpg\" data-caption-title=\"Segnung\" data-attachment-id=\"961\" class=\"foogallery-thumb fg-thumb\" data-type=\"image\"><span class=\"fg-image-wrap\"><img decoding=\"async\" title=\"Segnung\" class=\"bf-img skip-lazy fg-image\" height=\"400\" width=\"300\" data-src-fg=\"https:\/\/wirkungsbilder.de\/wp-content\/uploads\/cache\/BRP9101-2\/352156256.jpg\" src=\"data:image\/svg+xml,%3Csvg%20xmlns%3D%22http%3A%2F%2Fwww.w3.org%2F2000%2Fsvg%22%20width%3D%22300%22%20height%3D%22400%22%20viewBox%3D%220%200%20300%20400%22%3E%3C%2Fsvg%3E\" loading=\"eager\"><\/span><span class=\"fg-image-overlay\"><\/span><\/a><figcaption class=\"fg-caption\"><div class=\"fg-caption-inner\"><div class=\"fg-caption-title\">Segnung<\/div><\/div><\/figcaption><\/figure><div class=\"fg-loader\"><\/div><\/div><div class=\"fg-item fg-type-image fg-idle\"><figure class=\"fg-item-inner\"><a href=\"https:\/\/wirkungsbilder.de\/wp-content\/uploads\/BRP9108-3.jpg\" data-caption-title=\"Innerer Frieden\" data-attachment-id=\"962\" class=\"foogallery-thumb fg-thumb\" data-type=\"image\"><span class=\"fg-image-wrap\"><img decoding=\"async\" title=\"Innerer Frieden\" class=\"bf-img skip-lazy fg-image\" height=\"400\" width=\"300\" data-src-fg=\"https:\/\/wirkungsbilder.de\/wp-content\/uploads\/cache\/BRP9108-3\/556494064.jpg\" src=\"data:image\/svg+xml,%3Csvg%20xmlns%3D%22http%3A%2F%2Fwww.w3.org%2F2000%2Fsvg%22%20width%3D%22300%22%20height%3D%22400%22%20viewBox%3D%220%200%20300%20400%22%3E%3C%2Fsvg%3E\" loading=\"eager\"><\/span><span class=\"fg-image-overlay\"><\/span><\/a><figcaption class=\"fg-caption\"><div class=\"fg-caption-inner\"><div class=\"fg-caption-title\">Innerer Frieden<\/div><\/div><\/figcaption><\/figure><div class=\"fg-loader\"><\/div><\/div><div class=\"fg-item fg-type-image fg-idle\"><figure class=\"fg-item-inner\"><a href=\"https:\/\/wirkungsbilder.de\/wp-content\/uploads\/BRP9110-2.jpg\" data-caption-title=\"Innerer Frieden\" data-attachment-id=\"963\" class=\"foogallery-thumb fg-thumb\" data-type=\"image\"><span class=\"fg-image-wrap\"><img decoding=\"async\" title=\"Innerer Frieden\" class=\"bf-img skip-lazy fg-image\" height=\"400\" width=\"300\" data-src-fg=\"https:\/\/wirkungsbilder.de\/wp-content\/uploads\/cache\/BRP9110-2\/1023404006.jpg\" src=\"data:image\/svg+xml,%3Csvg%20xmlns%3D%22http%3A%2F%2Fwww.w3.org%2F2000%2Fsvg%22%20width%3D%22300%22%20height%3D%22400%22%20viewBox%3D%220%200%20300%20400%22%3E%3C%2Fsvg%3E\" loading=\"eager\"><\/span><span class=\"fg-image-overlay\"><\/span><\/a><figcaption class=\"fg-caption\"><div class=\"fg-caption-inner\"><div class=\"fg-caption-title\">Innerer Frieden<\/div><\/div><\/figcaption><\/figure><div class=\"fg-loader\"><\/div><\/div><div class=\"fg-item fg-type-image fg-idle\"><figure class=\"fg-item-inner\"><a href=\"https:\/\/wirkungsbilder.de\/wp-content\/uploads\/MG_3285-2.jpg\" data-caption-title=\"R\u00fcckkehr\" data-attachment-id=\"959\" class=\"foogallery-thumb fg-thumb\" data-type=\"image\"><span class=\"fg-image-wrap\"><img decoding=\"async\" title=\"R\u00fcckkehr\" class=\"bf-img skip-lazy fg-image\" height=\"400\" width=\"300\" data-src-fg=\"https:\/\/wirkungsbilder.de\/wp-content\/uploads\/cache\/MG_3285-2\/3233527797.jpg\" src=\"data:image\/svg+xml,%3Csvg%20xmlns%3D%22http%3A%2F%2Fwww.w3.org%2F2000%2Fsvg%22%20width%3D%22300%22%20height%3D%22400%22%20viewBox%3D%220%200%20300%20400%22%3E%3C%2Fsvg%3E\" loading=\"eager\"><\/span><span class=\"fg-image-overlay\"><\/span><\/a><figcaption class=\"fg-caption\"><div class=\"fg-caption-inner\"><div class=\"fg-caption-title\">R\u00fcckkehr<\/div><\/div><\/figcaption><\/figure><div class=\"fg-loader\"><\/div><\/div><div class=\"fg-item fg-type-image fg-idle\"><figure class=\"fg-item-inner\"><a href=\"https:\/\/wirkungsbilder.de\/wp-content\/uploads\/1-2.jpg\" data-caption-title=\"Hochzeitstanz\" data-attachment-id=\"960\" class=\"foogallery-thumb fg-thumb\" data-type=\"image\"><span class=\"fg-image-wrap\"><img decoding=\"async\" title=\"Hochzeitstanz\" class=\"bf-img skip-lazy fg-image\" height=\"400\" width=\"300\" data-src-fg=\"https:\/\/wirkungsbilder.de\/wp-content\/uploads\/cache\/1-2\/2974182092.jpg\" src=\"data:image\/svg+xml,%3Csvg%20xmlns%3D%22http%3A%2F%2Fwww.w3.org%2F2000%2Fsvg%22%20width%3D%22300%22%20height%3D%22400%22%20viewBox%3D%220%200%20300%20400%22%3E%3C%2Fsvg%3E\" loading=\"eager\"><\/span><span class=\"fg-image-overlay\"><\/span><\/a><figcaption class=\"fg-caption\"><div class=\"fg-caption-inner\"><div class=\"fg-caption-title\">Hochzeitstanz<\/div><\/div><\/figcaption><\/figure><div class=\"fg-loader\"><\/div><\/div><div class=\"fg-item fg-type-image fg-idle\"><figure class=\"fg-item-inner\"><a href=\"https:\/\/wirkungsbilder.de\/wp-content\/uploads\/DSCN0817.jpg\" data-caption-title=\"Engel der Farben\" data-attachment-id=\"958\" class=\"foogallery-thumb fg-thumb\" data-type=\"image\"><span class=\"fg-image-wrap\"><img decoding=\"async\" title=\"Engel der Farben\" class=\"bf-img skip-lazy fg-image\" height=\"400\" width=\"300\" data-src-fg=\"https:\/\/wirkungsbilder.de\/wp-content\/uploads\/cache\/DSCN0817\/290232887.jpg\" src=\"data:image\/svg+xml,%3Csvg%20xmlns%3D%22http%3A%2F%2Fwww.w3.org%2F2000%2Fsvg%22%20width%3D%22300%22%20height%3D%22400%22%20viewBox%3D%220%200%20300%20400%22%3E%3C%2Fsvg%3E\" loading=\"eager\"><\/span><span class=\"fg-image-overlay\"><\/span><\/a><figcaption class=\"fg-caption\"><div class=\"fg-caption-inner\"><div class=\"fg-caption-title\">Engel der Farben<\/div><\/div><\/figcaption><\/figure><div class=\"fg-loader\"><\/div><\/div><div class=\"fg-item fg-type-image fg-idle\"><figure class=\"fg-item-inner\"><a href=\"https:\/\/wirkungsbilder.de\/wp-content\/uploads\/BRP9098-Bearbeitet2-1024x1024-1.jpg\" data-caption-title=\"Krone der Welt\" data-attachment-id=\"954\" class=\"foogallery-thumb fg-thumb\" data-type=\"image\"><span class=\"fg-image-wrap\"><img decoding=\"async\" title=\"Krone der Welt\" class=\"bf-img skip-lazy fg-image\" height=\"400\" width=\"300\" data-src-fg=\"https:\/\/wirkungsbilder.de\/wp-content\/uploads\/cache\/BRP9098-Bearbeitet2-1024x1024-1\/3379655595.jpg\" src=\"data:image\/svg+xml,%3Csvg%20xmlns%3D%22http%3A%2F%2Fwww.w3.org%2F2000%2Fsvg%22%20width%3D%22300%22%20height%3D%22400%22%20viewBox%3D%220%200%20300%20400%22%3E%3C%2Fsvg%3E\" loading=\"eager\"><\/span><span class=\"fg-image-overlay\"><\/span><\/a><figcaption class=\"fg-caption\"><div class=\"fg-caption-inner\"><div class=\"fg-caption-title\">Krone der Welt<\/div><\/div><\/figcaption><\/figure><div class=\"fg-loader\"><\/div><\/div><\/div>\n","protected":false},"excerpt":{"rendered":"<p>Lichtwelten Die hier vorgestellten Wirkungsbildern \u201eLichtwelten\u201c strahlen Ruhe, Harmonie und Frieden aus. Sie erinnern uns und bringen uns in den Kontakt mit unseren himmlischen Helfern. Jedes Bild hat eine besondere Schwingung, die sich auf die Umgebung und den Betrachter \u00fcbertr\u00e4gt. Sie erh\u00f6hen die Frequenz und haben einen positiven Einfluss auf das Wohlbefinden, verbinden uns mitContinue reading &rarr;<\/p>\n","protected":false},"author":1,"featured_media":0,"parent":0,"menu_order":0,"comment_status":"closed","ping_status":"closed","template":"","meta":{"footnotes":""},"class_list":["post-468","page","type-page","status-publish","hentry","no-thumb"],"_links":{"self":[{"href":"https:\/\/wirkungsbilder.de\/index.php?rest_route=\/wp\/v2\/pages\/468","targetHints":{"allow":["GET"]}}],"collection":[{"href":"https:\/\/wirkungsbilder.de\/index.php?rest_route=\/wp\/v2\/pages"}],"about":[{"href":"https:\/\/wirkungsbilder.de\/index.php?rest_route=\/wp\/v2\/types\/page"}],"author":[{"embeddable":true,"href":"https:\/\/wirkungsbilder.de\/index.php?rest_route=\/wp\/v2\/users\/1"}],"replies":[{"embeddable":true,"href":"https:\/\/wirkungsbilder.de\/index.php?rest_route=%2Fwp%2Fv2%2Fcomments&post=468"}],"version-history":[{"count":20,"href":"https:\/\/wirkungsbilder.de\/index.php?rest_route=\/wp\/v2\/pages\/468\/revisions"}],"predecessor-version":[{"id":1104,"href":"https:\/\/wirkungsbilder.de\/index.php?rest_route=\/wp\/v2\/pages\/468\/revisions\/1104"}],"wp:attachment":[{"href":"https:\/\/wirkungsbilder.de\/index.php?rest_route=%2Fwp%2Fv2%2Fmedia&parent=468"}],"curies":[{"name":"wp","href":"https:\/\/api.w.org\/{rel}","templated":true}]}}