{"id":47,"date":"2018-10-21T20:30:06","date_gmt":"2018-10-21T20:30:06","guid":{"rendered":"http:\/\/claudia-kramp.de\/?page_id=47"},"modified":"2022-06-06T20:37:47","modified_gmt":"2022-06-06T18:37:47","slug":"startseite","status":"publish","type":"page","link":"https:\/\/wirkungsbilder.de\/","title":{"rendered":"Startseite"},"content":{"rendered":"<div id=\"pl-47\" class=\"panel-layout\">\n<div id=\"pg-47-0\" class=\"panel-grid panel-no-style\">\n<div id=\"pgc-47-0-0\" class=\"panel-grid-cell\" data-weight=\"1\">\n<div id=\"panel-47-0-0-0\" class=\"so-panel widget widget_sow-editor panel-first-child panel-last-child\" data-index=\"0\" data-style=\"{&quot;background_image_attachment&quot;:false,&quot;background_display&quot;:&quot;tile&quot;}\">\n<div class=\"so-widget-sow-editor so-widget-sow-editor-base\">\n<div class=\"siteorigin-widget-tinymce textwidget\">\n<h3><\/h3>\n<h3><\/h3>\n<h3 style=\"text-align: center;\">Herzlich Willkommen<\/h3>\n<p>&nbsp;<\/p>\n<p><img loading=\"lazy\" decoding=\"async\" class=\"aligncenter wp-image-911\" src=\"http:\/\/wirkungsbilder.claudia-kramp.de\/wp-content\/uploads\/startseitebanner_v5-200x46.jpg\" alt=\"\" width=\"612\" height=\"141\" srcset=\"https:\/\/wirkungsbilder.de\/wp-content\/uploads\/startseitebanner_v5-200x46.jpg 200w, https:\/\/wirkungsbilder.de\/wp-content\/uploads\/startseitebanner_v5-1024x235.jpg 1024w, https:\/\/wirkungsbilder.de\/wp-content\/uploads\/startseitebanner_v5-150x34.jpg 150w, https:\/\/wirkungsbilder.de\/wp-content\/uploads\/startseitebanner_v5-768x177.jpg 768w, https:\/\/wirkungsbilder.de\/wp-content\/uploads\/startseitebanner_v5.jpg 1140w\" sizes=\"auto, (max-width: 612px) 100vw, 612px\" \/><\/p>\n<p>&nbsp;<\/p>\n<p style=\"text-align: center;\">Ich freue mich Sie auf meiner Seite zu begr\u00fc\u00dfen!<\/p>\n<p>&nbsp;<\/p>\n<p style=\"text-align: center;\">&#8222;Farbe ist eine Kraft, die die Seele direkt beeinflusst.&#8220;<br \/>\n<span style=\"font-size: 8.0pt;\">(Wassilly Kandinsky)<\/span><\/p>\n<p>&nbsp;<\/p>\n<p style=\"text-align: center;\">\u201eFarben sind ein Ausdruck der Seele,<br \/>\nFarben sprechen mit der Seele,<br \/>\nFarben ber\u00fchren die Seele,<br \/>\nFarben heilen die Seele,<br \/>\nFarben inspirieren die Seele,<br \/>\nKreativit\u00e4t ist eine Sch\u00f6pferkraft aus der Seele.\u201c<\/p>\n<\/div>\n<\/div>\n<\/div>\n<\/div>\n<\/div>\n<\/div>\n","protected":false},"excerpt":{"rendered":"<p>Herzlich Willkommen &nbsp; &nbsp; Ich freue mich Sie auf meiner Seite zu begr\u00fc\u00dfen! &nbsp; &#8222;Farbe ist eine Kraft, die die Seele direkt beeinflusst.&#8220; (Wassilly Kandinsky) &nbsp; \u201eFarben sind ein Ausdruck der Seele, Farben sprechen mit der Seele, Farben ber\u00fchren die Seele, Farben heilen die Seele, Farben inspirieren die Seele, Kreativit\u00e4t ist eine Sch\u00f6pferkraft aus derContinue reading &rarr;<\/p>\n","protected":false},"author":1,"featured_media":0,"parent":0,"menu_order":0,"comment_status":"closed","ping_status":"closed","template":"","meta":{"footnotes":""},"class_list":["post-47","page","type-page","status-publish","hentry","no-thumb"],"_links":{"self":[{"href":"https:\/\/wirkungsbilder.de\/index.php?rest_route=\/wp\/v2\/pages\/47","targetHints":{"allow":["GET"]}}],"collection":[{"href":"https:\/\/wirkungsbilder.de\/index.php?rest_route=\/wp\/v2\/pages"}],"about":[{"href":"https:\/\/wirkungsbilder.de\/index.php?rest_route=\/wp\/v2\/types\/page"}],"author":[{"embeddable":true,"href":"https:\/\/wirkungsbilder.de\/index.php?rest_route=\/wp\/v2\/users\/1"}],"replies":[{"embeddable":true,"href":"https:\/\/wirkungsbilder.de\/index.php?rest_route=%2Fwp%2Fv2%2Fcomments&post=47"}],"version-history":[{"count":73,"href":"https:\/\/wirkungsbilder.de\/index.php?rest_route=\/wp\/v2\/pages\/47\/revisions"}],"predecessor-version":[{"id":927,"href":"https:\/\/wirkungsbilder.de\/index.php?rest_route=\/wp\/v2\/pages\/47\/revisions\/927"}],"wp:attachment":[{"href":"https:\/\/wirkungsbilder.de\/index.php?rest_route=%2Fwp%2Fv2%2Fmedia&parent=47"}],"curies":[{"name":"wp","href":"https:\/\/api.w.org\/{rel}","templated":true}]}}