{"id":737,"date":"2021-03-23T20:04:48","date_gmt":"2021-03-23T19:04:48","guid":{"rendered":"http:\/\/wirkungsbilder.claudia-kramp.de\/?page_id=737"},"modified":"2021-05-21T13:31:51","modified_gmt":"2021-05-21T11:31:51","slug":"medien","status":"publish","type":"page","link":"https:\/\/wirkungsbilder.de\/?page_id=737","title":{"rendered":"Medien"},"content":{"rendered":"<div class=\"entry-content clear\">\n<h3><strong>CD Autogenes Training (AT)<\/strong><\/h3>\n<p><img loading=\"lazy\" decoding=\"async\" class=\"alignleft wp-image-728\" src=\"http:\/\/claudia-kramp.de\/wp-content\/uploads\/2021\/03\/DSCN0778-150x150.jpg\" sizes=\"auto, (max-width: 245px) 100vw, 245px\" srcset=\"http:\/\/claudia-kramp.de\/wp-content\/uploads\/2021\/03\/DSCN0778-150x150.jpg 150w, http:\/\/claudia-kramp.de\/wp-content\/uploads\/2021\/03\/DSCN0778-300x300.jpg 300w, http:\/\/claudia-kramp.de\/wp-content\/uploads\/2021\/03\/DSCN0778-1021x1024.jpg 1021w, http:\/\/claudia-kramp.de\/wp-content\/uploads\/2021\/03\/DSCN0778-768x770.jpg 768w, http:\/\/claudia-kramp.de\/wp-content\/uploads\/2021\/03\/DSCN0778-1532x1536.jpg 1532w, http:\/\/claudia-kramp.de\/wp-content\/uploads\/2021\/03\/DSCN0778-2042x2048.jpg 2042w\" alt=\"\" width=\"253\" height=\"253\" \/>Das Autogene Training wurde von dem Berliner Nerven und Hypnosearzt J.H. Schulz in den 30iger Jahren entwickelt. Es handelt sich um eine bew\u00e4hrte und erfolgreiche Entspannungsform der Selbsthypnose. Durch Hilfe der formelhaften \u00dcbungen sind wir in der Lage unser vegetatives Nervensystem sowie die Funktionen der Organe positiv zu beeinflussen. Beim Autogenen Training geschieht eine Umschaltung von Anspannung auf Entspannung, dies f\u00fchrt zu einem k\u00f6rperlichen und seelischen Wohlbefinden.<\/p>\n<p>Die CD unterst\u00fctzt Sie beim regelm\u00e4\u00dfigen \u00dcben, bringt Ihnen mehr Innere Ruhe und Gelassenheit in den Alltag, f\u00fchrt zur Verbesserung der Stresskompetenz, zu verst\u00e4rktem Selbstvertrauen und zu mehr Lebensfreude.<\/p>\n<p>Die \u00dcbungen sind sowohl f\u00fcr Anf\u00e4nger wie auch f\u00fcr Fortgeschrittene geeignet.<\/p>\n<p>Laufzeit: 19:13 min<\/p>\n<p>&nbsp;<\/p>\n<p>\u00a9 2011 Claudia Maria Kramp \/ www.claudia-kramp.de<br \/>\nArtwork \u201eHalschakra\u201c, Acryl auf Leinwand, Claudia Maria Kramp<\/p>\n<p>Zur Bestellung verwenden Sie bitte mein <a href=\"http:\/\/claudia-kramp.de\/?page_id=57\">Kontaktformular<\/a>.<\/p>\n<hr \/>\n<h3>Buch &#8222;Meditationstexte &#8211; Wege zum wahren Selbst&#8220;<\/h3>\n<p>Zur Ruhe kommen<\/p>\n<ul>\n<li>in Kontakt sein<\/li>\n<li>neue Lebenskraft sp\u00fcren!<\/li>\n<\/ul>\n<p>Die bildhaften Meditationstexte f\u00fchren den Praktizierenden in tiefe innere Welten. Das Ziel ist, eine direkte wahrhaftige Unterst\u00fctzung aus der geistigen Welt anzunehmen und dadurch Erkenntnis und Transformation zu erlangen.<\/p>\n<p>Lichtwesen, Erzengeln, und aufgestiegene Meister\/Meisterinnen zeigen uns den Weg zu unserem wahren Selbst.<\/p>\n<p>Zur Bestellung verwenden Sie bitte mein <a href=\"http:\/\/claudia-kramp.de\/?page_id=57\">Kontaktformular<\/a>.<\/p>\n<\/div>\n","protected":false},"excerpt":{"rendered":"<p>CD Autogenes Training (AT) Das Autogene Training wurde von dem Berliner Nerven und Hypnosearzt J.H. Schulz in den 30iger Jahren entwickelt. Es handelt sich um eine bew\u00e4hrte und erfolgreiche Entspannungsform der Selbsthypnose. Durch Hilfe der formelhaften \u00dcbungen sind wir in der Lage unser vegetatives Nervensystem sowie die Funktionen der Organe positiv zu beeinflussen. Beim AutogenenContinue reading &rarr;<\/p>\n","protected":false},"author":1,"featured_media":0,"parent":0,"menu_order":0,"comment_status":"closed","ping_status":"closed","template":"","meta":{"footnotes":""},"class_list":["post-737","page","type-page","status-publish","hentry","no-thumb"],"_links":{"self":[{"href":"https:\/\/wirkungsbilder.de\/index.php?rest_route=\/wp\/v2\/pages\/737","targetHints":{"allow":["GET"]}}],"collection":[{"href":"https:\/\/wirkungsbilder.de\/index.php?rest_route=\/wp\/v2\/pages"}],"about":[{"href":"https:\/\/wirkungsbilder.de\/index.php?rest_route=\/wp\/v2\/types\/page"}],"author":[{"embeddable":true,"href":"https:\/\/wirkungsbilder.de\/index.php?rest_route=\/wp\/v2\/users\/1"}],"replies":[{"embeddable":true,"href":"https:\/\/wirkungsbilder.de\/index.php?rest_route=%2Fwp%2Fv2%2Fcomments&post=737"}],"version-history":[{"count":11,"href":"https:\/\/wirkungsbilder.de\/index.php?rest_route=\/wp\/v2\/pages\/737\/revisions"}],"predecessor-version":[{"id":769,"href":"https:\/\/wirkungsbilder.de\/index.php?rest_route=\/wp\/v2\/pages\/737\/revisions\/769"}],"wp:attachment":[{"href":"https:\/\/wirkungsbilder.de\/index.php?rest_route=%2Fwp%2Fv2%2Fmedia&parent=737"}],"curies":[{"name":"wp","href":"https:\/\/api.w.org\/{rel}","templated":true}]}}