{"id":748,"date":"2021-03-23T20:24:58","date_gmt":"2021-03-23T19:24:58","guid":{"rendered":"http:\/\/wirkungsbilder.claudia-kramp.de\/?page_id=748"},"modified":"2022-06-15T07:35:15","modified_gmt":"2022-06-15T05:35:15","slug":"seelenbild","status":"publish","type":"page","link":"https:\/\/wirkungsbilder.de\/?page_id=748","title":{"rendered":"Seelenbild"},"content":{"rendered":"<p><img loading=\"lazy\" decoding=\"async\" class=\"alignleft wp-image-1080 \" src=\"http:\/\/wirkungsbilder.de\/wp-content\/uploads\/seelenbildM-63x196.jpg\" alt=\"\" width=\"197\" height=\"613\" srcset=\"https:\/\/wirkungsbilder.de\/wp-content\/uploads\/seelenbildM-63x196.jpg 63w, https:\/\/wirkungsbilder.de\/wp-content\/uploads\/seelenbildM-329x1024.jpg 329w, https:\/\/wirkungsbilder.de\/wp-content\/uploads\/seelenbildM-64x200.jpg 64w, https:\/\/wirkungsbilder.de\/wp-content\/uploads\/seelenbildM-494x1536.jpg 494w, https:\/\/wirkungsbilder.de\/wp-content\/uploads\/seelenbildM.jpg 500w\" sizes=\"auto, (max-width: 197px) 100vw, 197px\" \/><\/p>\n<p><strong>Seelenbild<\/strong><\/p>\n<p>Das pers\u00f6nliche Seelenbild erinnert uns t\u00e4glich an unsere Verbindung, die unendliche Kraft und Macht, daran wer wir wirklich sind. Es f\u00fchrt uns zu einer bewussten Kommunikation mit unserer Seele. Wir werden unterst\u00fctzt das anzunehmen, was wir nicht sehen k\u00f6nnen oder wollen und es tr\u00e4gt dazu bei \u00fcber uns selbst hinauszuwachsen. Seelenbilder bewirken Frieden, Freiheit, Geborgenheit und Klarheit. Sie inspirieren und entfalten das Potenzial, was in uns steckt.<\/p>\n<p>Gerne gestalte ich f\u00fcr Sie ein pers\u00f6nliches Seelenbild. Hierzu stelle ich mich als Medium zur Verf\u00fcgung. Mit Liebe, Respekt und Achtung, nehme ich Kontakt mit Ihrer Seele auf und bitte um Farben, Formen und Informationen.<br \/>\nSo wird sichtbar was verborgenen ist. Es entsteht f\u00fcr Sie ein ganz individuelles Bild mit einer schriftlichen Botschaft.<\/p>\n<p>Sie haben Interesse an einem pers\u00f6nlichen Seelenbild? Die Beauftragung erfolgt telefonisch, per Mail oder pers\u00f6nlich mit vorheriger Terminabsprache.<br \/>\nUm Ihr pers\u00f6nliches Seelenbild erstellen zu k\u00f6nnen, ben\u00f6tige ich Ihren Namen und das Geburtsdatum.<br \/>\nDer Preis richtet sich nach dem Arbeitsaufwand und Material.<\/p>\n<p>Das Malen dauert ca. 4-6 Wochen nach Zahlungseingang.<br \/>\nPers\u00f6nliche Bilder sind vom Umtausch ausgeschlossen.<\/p>\n<p><em>&#8222;Es ist im Malen etwas Unendliches\u2026 In den Farben sind verborgene Dinge von Harmonie oder Kontrast,<br \/>\nDinge, die durch sich selbst wirken <\/em><em>und die man durch kein anderes Medium ausdr\u00fccken kann.&#8220;<\/em><br \/>\n(Vincent van Gogh)<\/p>\n<p>&nbsp;<\/p>\n","protected":false},"excerpt":{"rendered":"<p>Seelenbild Das pers\u00f6nliche Seelenbild erinnert uns t\u00e4glich an unsere Verbindung, die unendliche Kraft und Macht, daran wer wir wirklich sind. Es f\u00fchrt uns zu einer bewussten Kommunikation mit unserer Seele. Wir werden unterst\u00fctzt das anzunehmen, was wir nicht sehen k\u00f6nnen oder wollen und es tr\u00e4gt dazu bei \u00fcber uns selbst hinauszuwachsen. Seelenbilder bewirken Frieden, Freiheit,Continue reading &rarr;<\/p>\n","protected":false},"author":1,"featured_media":0,"parent":0,"menu_order":0,"comment_status":"closed","ping_status":"closed","template":"","meta":{"footnotes":""},"class_list":["post-748","page","type-page","status-publish","hentry","no-thumb"],"_links":{"self":[{"href":"https:\/\/wirkungsbilder.de\/index.php?rest_route=\/wp\/v2\/pages\/748","targetHints":{"allow":["GET"]}}],"collection":[{"href":"https:\/\/wirkungsbilder.de\/index.php?rest_route=\/wp\/v2\/pages"}],"about":[{"href":"https:\/\/wirkungsbilder.de\/index.php?rest_route=\/wp\/v2\/types\/page"}],"author":[{"embeddable":true,"href":"https:\/\/wirkungsbilder.de\/index.php?rest_route=\/wp\/v2\/users\/1"}],"replies":[{"embeddable":true,"href":"https:\/\/wirkungsbilder.de\/index.php?rest_route=%2Fwp%2Fv2%2Fcomments&post=748"}],"version-history":[{"count":35,"href":"https:\/\/wirkungsbilder.de\/index.php?rest_route=\/wp\/v2\/pages\/748\/revisions"}],"predecessor-version":[{"id":1085,"href":"https:\/\/wirkungsbilder.de\/index.php?rest_route=\/wp\/v2\/pages\/748\/revisions\/1085"}],"wp:attachment":[{"href":"https:\/\/wirkungsbilder.de\/index.php?rest_route=%2Fwp%2Fv2%2Fmedia&parent=748"}],"curies":[{"name":"wp","href":"https:\/\/api.w.org\/{rel}","templated":true}]}}